{"id":1199,"date":"2026-03-30T10:46:38","date_gmt":"2026-03-30T02:46:38","guid":{"rendered":"https:\/\/midradar.com\/?page_id=1199"},"modified":"2026-03-30T16:18:15","modified_gmt":"2026-03-30T08:18:15","slug":"entegre-sayac-i%cc%87ha","status":"publish","type":"page","link":"https:\/\/midradar.com\/tr\/cozum\/entegre-sayac-i%cc%87ha\/","title":{"rendered":"Entegre Kar\u015f\u0131-\u0130HA"},"content":{"rendered":"","protected":false},"excerpt":{"rendered":"","protected":false},"author":1,"featured_media":0,"parent":448,"menu_order":20,"comment_status":"closed","ping_status":"closed","template":"solution.php","meta":{"_acf_changed":false,"footnotes":""},"class_list":["post-1199","page","type-page","status-publish","hentry"],"acf":[],"_links":{"self":[{"href":"https:\/\/midradar.com\/tr\/wp-json\/wp\/v2\/pages\/1199","targetHints":{"allow":["GET"]}}],"collection":[{"href":"https:\/\/midradar.com\/tr\/wp-json\/wp\/v2\/pages"}],"about":[{"href":"https:\/\/midradar.com\/tr\/wp-json\/wp\/v2\/types\/page"}],"author":[{"embeddable":true,"href":"https:\/\/midradar.com\/tr\/wp-json\/wp\/v2\/users\/1"}],"replies":[{"embeddable":true,"href":"https:\/\/midradar.com\/tr\/wp-json\/wp\/v2\/comments?post=1199"}],"version-history":[{"count":3,"href":"https:\/\/midradar.com\/tr\/wp-json\/wp\/v2\/pages\/1199\/revisions"}],"predecessor-version":[{"id":1254,"href":"https:\/\/midradar.com\/tr\/wp-json\/wp\/v2\/pages\/1199\/revisions\/1254"}],"up":[{"embeddable":true,"href":"https:\/\/midradar.com\/tr\/wp-json\/wp\/v2\/pages\/448"}],"wp:attachment":[{"href":"https:\/\/midradar.com\/tr\/wp-json\/wp\/v2\/media?parent=1199"}],"curies":[{"name":"wp","href":"https:\/\/api.w.org\/{rel}","templated":true}]}}