{"id":1169,"date":"2026-03-27T17:02:38","date_gmt":"2026-03-27T09:02:38","guid":{"rendered":"https:\/\/midradar.com\/?page_id=1169"},"modified":"2026-03-30T16:10:42","modified_gmt":"2026-03-30T08:10:42","slug":"securite-des-frontieres","status":"publish","type":"page","link":"https:\/\/midradar.com\/fr\/solution\/securite-des-frontieres\/","title":{"rendered":"S\u00e9curit\u00e9 des fronti\u00e8res"},"content":{"rendered":"","protected":false},"excerpt":{"rendered":"","protected":false},"author":1,"featured_media":0,"parent":448,"menu_order":15,"comment_status":"closed","ping_status":"closed","template":"solution.php","meta":{"_acf_changed":false,"footnotes":""},"class_list":["post-1169","page","type-page","status-publish","hentry"],"acf":[],"_links":{"self":[{"href":"https:\/\/midradar.com\/fr\/wp-json\/wp\/v2\/pages\/1169","targetHints":{"allow":["GET"]}}],"collection":[{"href":"https:\/\/midradar.com\/fr\/wp-json\/wp\/v2\/pages"}],"about":[{"href":"https:\/\/midradar.com\/fr\/wp-json\/wp\/v2\/types\/page"}],"author":[{"embeddable":true,"href":"https:\/\/midradar.com\/fr\/wp-json\/wp\/v2\/users\/1"}],"replies":[{"embeddable":true,"href":"https:\/\/midradar.com\/fr\/wp-json\/wp\/v2\/comments?post=1169"}],"version-history":[{"count":4,"href":"https:\/\/midradar.com\/fr\/wp-json\/wp\/v2\/pages\/1169\/revisions"}],"predecessor-version":[{"id":1250,"href":"https:\/\/midradar.com\/fr\/wp-json\/wp\/v2\/pages\/1169\/revisions\/1250"}],"up":[{"embeddable":true,"href":"https:\/\/midradar.com\/fr\/wp-json\/wp\/v2\/pages\/448"}],"wp:attachment":[{"href":"https:\/\/midradar.com\/fr\/wp-json\/wp\/v2\/media?parent=1169"}],"curies":[{"name":"wp","href":"https:\/\/api.w.org\/{rel}","templated":true}]}}